{"id":1901,"date":"2022-01-24T15:54:13","date_gmt":"2022-01-24T15:54:13","guid":{"rendered":"https:\/\/baraka-technology.es\/disseny-web\/"},"modified":"2022-05-12T15:18:33","modified_gmt":"2022-05-12T15:18:33","slug":"disseny-web","status":"publish","type":"page","link":"https:\/\/baraka-technology.es\/ca\/disseny-web\/","title":{"rendered":"Disseny web"},"content":{"rendered":"\t\t<div data-elementor-type=\"wp-page\" data-elementor-id=\"1901\" class=\"elementor elementor-1901 elementor-736\" data-elementor-post-type=\"page\">\n\t\t\t\t\t\t<section class=\"elementor-section elementor-top-section elementor-element elementor-element-59af1b10 elementor-section-boxed elementor-section-height-default elementor-section-height-default\" data-id=\"59af1b10\" data-element_type=\"section\" data-settings=\"{&quot;background_background&quot;:&quot;classic&quot;}\">\n\t\t\t\t\t\t<div class=\"elementor-container elementor-column-gap-no\">\n\t\t\t\t\t<div class=\"elementor-column elementor-col-50 elementor-top-column elementor-element elementor-element-5825799c\" data-id=\"5825799c\" data-element_type=\"column\" data-settings=\"{&quot;background_background&quot;:&quot;classic&quot;}\">\n\t\t\t<div class=\"elementor-widget-wrap elementor-element-populated\">\n\t\t\t\t\t\t<div class=\"elementor-element elementor-element-22634722 elementor-widget elementor-widget-heading\" data-id=\"22634722\" data-element_type=\"widget\" data-widget_type=\"heading.default\">\n\t\t\t\t<div class=\"elementor-widget-container\">\n\t\t\t\t\t<h1 class=\"elementor-heading-title elementor-size-default\">Disseny de llocs web<\/h1>\t\t\t\t<\/div>\n\t\t\t\t<\/div>\n\t\t\t\t<div class=\"elementor-element elementor-element-2eb1d21d elementor-widget elementor-widget-heading\" data-id=\"2eb1d21d\" data-element_type=\"widget\" data-widget_type=\"heading.default\">\n\t\t\t\t<div class=\"elementor-widget-container\">\n\t\t\t\t\t<h6 class=\"elementor-heading-title elementor-size-default\">Disseny i Posicionament web <\/h6>\t\t\t\t<\/div>\n\t\t\t\t<\/div>\n\t\t\t\t\t<\/div>\n\t\t<\/div>\n\t\t\t\t<div class=\"elementor-column elementor-col-50 elementor-top-column elementor-element elementor-element-4b0be300 elementor-hidden-mobile\" data-id=\"4b0be300\" data-element_type=\"column\">\n\t\t\t<div class=\"elementor-widget-wrap\">\n\t\t\t\t\t\t\t<\/div>\n\t\t<\/div>\n\t\t\t\t\t<\/div>\n\t\t<\/section>\n\t\t\t\t<section class=\"elementor-section elementor-top-section elementor-element elementor-element-306e1909 elementor-section-boxed elementor-section-height-default elementor-section-height-default\" data-id=\"306e1909\" data-element_type=\"section\">\n\t\t\t\t\t\t<div class=\"elementor-container elementor-column-gap-no\">\n\t\t\t\t\t<div class=\"elementor-column elementor-col-50 elementor-top-column elementor-element elementor-element-4fe31ee1\" data-id=\"4fe31ee1\" data-element_type=\"column\">\n\t\t\t<div class=\"elementor-widget-wrap elementor-element-populated\">\n\t\t\t\t\t\t<div class=\"elementor-element elementor-element-24a1e5e3 elementor-widget elementor-widget-heading\" data-id=\"24a1e5e3\" data-element_type=\"widget\" data-widget_type=\"heading.default\">\n\t\t\t\t<div class=\"elementor-widget-container\">\n\t\t\t\t\t<h6 class=\"elementor-heading-title elementor-size-default\">Baraka Technology<\/h6>\t\t\t\t<\/div>\n\t\t\t\t<\/div>\n\t\t\t\t<div class=\"elementor-element elementor-element-1f78cd8 elementor-widget elementor-widget-heading\" data-id=\"1f78cd8\" data-element_type=\"widget\" data-widget_type=\"heading.default\">\n\t\t\t\t<div class=\"elementor-widget-container\">\n\t\t\t\t\t<h2 class=\"elementor-heading-title elementor-size-default\">Disseny web<\/h2>\t\t\t\t<\/div>\n\t\t\t\t<\/div>\n\t\t\t\t<div class=\"elementor-element elementor-element-6b9ea8a9 elementor-widget elementor-widget-heading\" data-id=\"6b9ea8a9\" data-element_type=\"widget\" data-widget_type=\"heading.default\">\n\t\t\t\t<div class=\"elementor-widget-container\">\n\t\t\t\t\t<p class=\"elementor-heading-title elementor-size-default\">Una p\u00e0gina web no pot ni ha de ser mai un element est\u00e0tic\n<\/p>\t\t\t\t<\/div>\n\t\t\t\t<\/div>\n\t\t\t\t<div class=\"elementor-element elementor-element-b943e04 elementor-widget elementor-widget-text-editor\" data-id=\"b943e04\" data-element_type=\"widget\" data-widget_type=\"text-editor.default\">\n\t\t\t\t<div class=\"elementor-widget-container\">\n\t\t\t\t\t\t\t\t\t<p>Analitzem les necessitats i objectius dels nostres clients i en base a aquests desenvolupem el disseny de la p\u00e0gina web. <\/p><p><strong>Incloent les landing pages i microsites que siguin necessaris i treballant perqu\u00e8 el posicionament online<\/strong><\/p>\t\t\t\t\t\t\t\t<\/div>\n\t\t\t\t<\/div>\n\t\t\t\t\t<\/div>\n\t\t<\/div>\n\t\t\t\t<div class=\"elementor-column elementor-col-50 elementor-top-column elementor-element elementor-element-27481666\" data-id=\"27481666\" data-element_type=\"column\">\n\t\t\t<div class=\"elementor-widget-wrap elementor-element-populated\">\n\t\t\t\t\t\t<div class=\"elementor-element elementor-element-67664eec elementor-widget elementor-widget-image\" data-id=\"67664eec\" data-element_type=\"widget\" data-widget_type=\"image.default\">\n\t\t\t\t<div class=\"elementor-widget-container\">\n\t\t\t\t\t\t\t\t\t\t\t\t\t\t\t<img fetchpriority=\"high\" decoding=\"async\" width=\"1024\" height=\"678\" src=\"https:\/\/baraka-technology.es\/wp-content\/uploads\/2022\/01\/singularidad-online-posicionamiento-web-1024x678.jpg\" class=\"attachment-large size-large wp-image-1750\" alt=\"Singularitat online posicionament web\" srcset=\"https:\/\/baraka-technology.es\/wp-content\/uploads\/2022\/01\/singularidad-online-posicionamiento-web-1024x678.jpg 1024w, https:\/\/baraka-technology.es\/wp-content\/uploads\/2022\/01\/singularidad-online-posicionamiento-web-300x199.jpg 300w, https:\/\/baraka-technology.es\/wp-content\/uploads\/2022\/01\/singularidad-online-posicionamiento-web-768x509.jpg 768w, https:\/\/baraka-technology.es\/wp-content\/uploads\/2022\/01\/singularidad-online-posicionamiento-web-1536x1018.jpg 1536w, https:\/\/baraka-technology.es\/wp-content\/uploads\/2022\/01\/singularidad-online-posicionamiento-web.jpg 1920w\" sizes=\"(max-width: 1024px) 100vw, 1024px\" \/>\t\t\t\t\t\t\t\t\t\t\t\t\t\t\t<\/div>\n\t\t\t\t<\/div>\n\t\t\t\t<div class=\"elementor-element elementor-element-e78f397 elementor-widget elementor-widget-heading\" data-id=\"e78f397\" data-element_type=\"widget\" data-widget_type=\"heading.default\">\n\t\t\t\t<div class=\"elementor-widget-container\">\n\t\t\t\t\t<p class=\"elementor-heading-title elementor-size-default\">Treballs personalitzats <br>i adaptats a les necessitats del projecte<\/p>\t\t\t\t<\/div>\n\t\t\t\t<\/div>\n\t\t\t\t\t<\/div>\n\t\t<\/div>\n\t\t\t\t\t<\/div>\n\t\t<\/section>\n\t\t\t\t<section class=\"elementor-section elementor-top-section elementor-element elementor-element-2248c96 elementor-section-boxed elementor-section-height-default elementor-section-height-default\" data-id=\"2248c96\" data-element_type=\"section\">\n\t\t\t\t\t\t<div class=\"elementor-container elementor-column-gap-default\">\n\t\t\t\t\t<div class=\"elementor-column elementor-col-100 elementor-top-column elementor-element elementor-element-dd60acd\" data-id=\"dd60acd\" data-element_type=\"column\">\n\t\t\t<div class=\"elementor-widget-wrap elementor-element-populated\">\n\t\t\t\t\t\t<div class=\"elementor-element elementor-element-1991ad6b elementor-widget elementor-widget-heading\" data-id=\"1991ad6b\" data-element_type=\"widget\" data-widget_type=\"heading.default\">\n\t\t\t\t<div class=\"elementor-widget-container\">\n\t\t\t\t\t<h6 class=\"elementor-heading-title elementor-size-default\">Disseny de llocs web<\/h6>\t\t\t\t<\/div>\n\t\t\t\t<\/div>\n\t\t\t\t\t<\/div>\n\t\t<\/div>\n\t\t\t\t\t<\/div>\n\t\t<\/section>\n\t\t\t\t<section class=\"elementor-section elementor-top-section elementor-element elementor-element-4f398af9 elementor-section-boxed elementor-section-height-default elementor-section-height-default\" data-id=\"4f398af9\" data-element_type=\"section\">\n\t\t\t\t\t\t<div class=\"elementor-container elementor-column-gap-no\">\n\t\t\t\t\t<div class=\"elementor-column elementor-col-100 elementor-top-column elementor-element elementor-element-6fc78936\" data-id=\"6fc78936\" data-element_type=\"column\">\n\t\t\t<div class=\"elementor-widget-wrap elementor-element-populated\">\n\t\t\t\t\t\t<section class=\"elementor-section elementor-inner-section elementor-element elementor-element-213d319d elementor-section-boxed elementor-section-height-default elementor-section-height-default\" data-id=\"213d319d\" data-element_type=\"section\">\n\t\t\t\t\t\t<div class=\"elementor-container elementor-column-gap-default\">\n\t\t\t\t\t<div class=\"elementor-column elementor-col-100 elementor-inner-column elementor-element elementor-element-6e1920ba\" data-id=\"6e1920ba\" data-element_type=\"column\">\n\t\t\t<div class=\"elementor-widget-wrap elementor-element-populated\">\n\t\t\t\t\t\t<div class=\"elementor-element elementor-element-29e7ee5d elementor-widget elementor-widget-heading\" data-id=\"29e7ee5d\" data-element_type=\"widget\" data-widget_type=\"heading.default\">\n\t\t\t\t<div class=\"elementor-widget-container\">\n\t\t\t\t\t<h3 class=\"elementor-heading-title elementor-size-small\">Les p\u00e0gines web s\u00f3n un element imprescindible dins de la comunicaci\u00f3 de les empreses<\/h3>\t\t\t\t<\/div>\n\t\t\t\t<\/div>\n\t\t\t\t<div class=\"elementor-element elementor-element-4ab7d096 elementor-widget elementor-widget-text-editor\" data-id=\"4ab7d096\" data-element_type=\"widget\" data-widget_type=\"text-editor.default\">\n\t\t\t\t<div class=\"elementor-widget-container\">\n\t\t\t\t\t\t\t\t\t<p>A <strong>Baraka Techonology<\/strong> t&#8217;ajudem amb el desenvolupament de llocs web.<\/p>\t\t\t\t\t\t\t\t<\/div>\n\t\t\t\t<\/div>\n\t\t\t\t<div class=\"elementor-element elementor-element-4c9153f6 elementor-widget-divider--view-line elementor-widget elementor-widget-divider\" data-id=\"4c9153f6\" data-element_type=\"widget\" data-widget_type=\"divider.default\">\n\t\t\t\t<div class=\"elementor-widget-container\">\n\t\t\t\t\t\t\t<div class=\"elementor-divider\">\n\t\t\t<span class=\"elementor-divider-separator\">\n\t\t\t\t\t\t<\/span>\n\t\t<\/div>\n\t\t\t\t\t\t<\/div>\n\t\t\t\t<\/div>\n\t\t\t\t\t<\/div>\n\t\t<\/div>\n\t\t\t\t\t<\/div>\n\t\t<\/section>\n\t\t\t\t\t<\/div>\n\t\t<\/div>\n\t\t\t\t\t<\/div>\n\t\t<\/section>\n\t\t\t\t<section class=\"elementor-section elementor-top-section elementor-element elementor-element-7c1ab7d2 elementor-section-boxed elementor-section-height-default elementor-section-height-default\" data-id=\"7c1ab7d2\" data-element_type=\"section\">\n\t\t\t\t\t\t<div class=\"elementor-container elementor-column-gap-default\">\n\t\t\t\t\t<div class=\"elementor-column elementor-col-100 elementor-top-column elementor-element elementor-element-1f352277\" data-id=\"1f352277\" data-element_type=\"column\">\n\t\t\t<div class=\"elementor-widget-wrap elementor-element-populated\">\n\t\t\t\t\t\t\t<\/div>\n\t\t<\/div>\n\t\t\t\t\t<\/div>\n\t\t<\/section>\n\t\t\t\t<section class=\"elementor-section elementor-top-section elementor-element elementor-element-d6de746 elementor-section-full_width elementor-section-height-default elementor-section-height-default\" data-id=\"d6de746\" data-element_type=\"section\">\n\t\t\t\t\t\t<div class=\"elementor-container elementor-column-gap-no\">\n\t\t\t\t\t<div class=\"elementor-column elementor-col-50 elementor-top-column elementor-element elementor-element-1e5394e\" data-id=\"1e5394e\" data-element_type=\"column\" data-settings=\"{&quot;background_background&quot;:&quot;classic&quot;}\">\n\t\t\t<div class=\"elementor-widget-wrap elementor-element-populated\">\n\t\t\t\t\t\t<div class=\"elementor-element elementor-element-5fb69f1 elementor-widget elementor-widget-spacer\" data-id=\"5fb69f1\" data-element_type=\"widget\" data-widget_type=\"spacer.default\">\n\t\t\t\t<div class=\"elementor-widget-container\">\n\t\t\t\t\t\t\t<div class=\"elementor-spacer\">\n\t\t\t<div class=\"elementor-spacer-inner\"><\/div>\n\t\t<\/div>\n\t\t\t\t\t\t<\/div>\n\t\t\t\t<\/div>\n\t\t\t\t\t<\/div>\n\t\t<\/div>\n\t\t\t\t<div class=\"elementor-column elementor-col-50 elementor-top-column elementor-element elementor-element-a4922ef\" data-id=\"a4922ef\" data-element_type=\"column\">\n\t\t\t<div class=\"elementor-widget-wrap elementor-element-populated\">\n\t\t\t\t\t\t<div class=\"elementor-element elementor-element-cf38f57 elementor-widget elementor-widget-text-editor\" data-id=\"cf38f57\" data-element_type=\"widget\" data-widget_type=\"text-editor.default\">\n\t\t\t\t<div class=\"elementor-widget-container\">\n\t\t\t\t\t\t\t\t\t<p>Per atraure els clients i causar una bona impressi\u00f3 no n&#8217;hi ha prou amb qualsevol p\u00e0gina web, ha de tractar-se d&#8217;un lloc atractiu, que ofereixi una navegaci\u00f3 intu\u00eftiva, que convidi els usuaris a passar temps a la p\u00e0gina (<em>m\u00e9s temps de navegaci\u00f3 = m\u00e9s taxa de conversi\u00f3)<\/em> i que els permeti trobar f\u00e0cilment el que busquen.<\/p><p>Adem\u00e1s de <strong>amb una p\u00e0gina web, podem millorar la teva estrat\u00e8gia de m\u00e0rqueting en l\u00ednia amb microsites i landing pages.<\/strong><\/p><p><strong>Les landing pages<\/strong> o p\u00e0gines d&#8217;aterratge s\u00f3n molt comuns a la tasca de desenvolupament de llocs web. Es tracta de p\u00e0gines que formen part de la p\u00e0gina principal de l&#8217;empresa i <strong>la finalitat principal \u00e9s atraure clients a trav\u00e9s de mesures com promocions a Xarxes Socials, campanyes de Google Adwords, enviament de newsletters, etc.<\/strong><\/p>\t\t\t\t\t\t\t\t<\/div>\n\t\t\t\t<\/div>\n\t\t\t\t\t<\/div>\n\t\t<\/div>\n\t\t\t\t\t<\/div>\n\t\t<\/section>\n\t\t\t\t<section class=\"elementor-section elementor-top-section elementor-element elementor-element-7f7ca035 elementor-section-boxed elementor-section-height-default elementor-section-height-default\" data-id=\"7f7ca035\" data-element_type=\"section\" data-settings=\"{&quot;background_background&quot;:&quot;classic&quot;}\">\n\t\t\t\t\t\t<div class=\"elementor-container elementor-column-gap-no\">\n\t\t\t\t\t<div class=\"elementor-column elementor-col-100 elementor-top-column elementor-element elementor-element-3f7ef55e\" data-id=\"3f7ef55e\" data-element_type=\"column\">\n\t\t\t<div class=\"elementor-widget-wrap elementor-element-populated\">\n\t\t\t\t\t\t<section class=\"elementor-section elementor-inner-section elementor-element elementor-element-2bb70d5c elementor-section-boxed elementor-section-height-default elementor-section-height-default\" data-id=\"2bb70d5c\" data-element_type=\"section\" data-settings=\"{&quot;background_background&quot;:&quot;classic&quot;}\">\n\t\t\t\t\t\t<div class=\"elementor-container elementor-column-gap-no\">\n\t\t\t\t\t<div class=\"elementor-column elementor-col-50 elementor-inner-column elementor-element elementor-element-43697f54\" data-id=\"43697f54\" data-element_type=\"column\">\n\t\t\t<div class=\"elementor-widget-wrap elementor-element-populated\">\n\t\t\t\t\t\t<div class=\"elementor-element elementor-element-1a15f220 elementor-widget elementor-widget-heading\" data-id=\"1a15f220\" data-element_type=\"widget\" data-widget_type=\"heading.default\">\n\t\t\t\t<div class=\"elementor-widget-container\">\n\t\t\t\t\t<h2 class=\"elementor-heading-title elementor-size-default\">\nTens un projecte en ment? <\/h2>\t\t\t\t<\/div>\n\t\t\t\t<\/div>\n\t\t\t\t\t<\/div>\n\t\t<\/div>\n\t\t\t\t<div class=\"elementor-column elementor-col-50 elementor-inner-column elementor-element elementor-element-5d37fe8a\" data-id=\"5d37fe8a\" data-element_type=\"column\">\n\t\t\t<div class=\"elementor-widget-wrap elementor-element-populated\">\n\t\t\t\t\t\t<div class=\"elementor-element elementor-element-3d11af85 elementor-align-right elementor-mobile-align-center elementor-widget elementor-widget-button\" data-id=\"3d11af85\" data-element_type=\"widget\" data-widget_type=\"button.default\">\n\t\t\t\t<div class=\"elementor-widget-container\">\n\t\t\t\t\t\t\t\t\t<div class=\"elementor-button-wrapper\">\n\t\t\t\t\t<a class=\"elementor-button elementor-button-link elementor-size-lg\" href=\"https:\/\/baraka-technology.es\/ca\/contacte\/\" target=\"_blank\">\n\t\t\t\t\t\t<span class=\"elementor-button-content-wrapper\">\n\t\t\t\t\t\t<span class=\"elementor-button-icon\">\n\t\t\t\t<i aria-hidden=\"true\" class=\"fas fa-arrow-right\"><\/i>\t\t\t<\/span>\n\t\t\t\t\t\t\t\t\t<span class=\"elementor-button-text\">contacte<\/span>\n\t\t\t\t\t<\/span>\n\t\t\t\t\t<\/a>\n\t\t\t\t<\/div>\n\t\t\t\t\t\t\t\t<\/div>\n\t\t\t\t<\/div>\n\t\t\t\t\t<\/div>\n\t\t<\/div>\n\t\t\t\t\t<\/div>\n\t\t<\/section>\n\t\t\t\t\t<\/div>\n\t\t<\/div>\n\t\t\t\t\t<\/div>\n\t\t<\/section>\n\t\t\t\t<\/div>\n\t\t","protected":false},"excerpt":{"rendered":"<p>Disseny de llocs web Disseny i Posicionament web Baraka Technology Disseny web Una p\u00e0gina web no pot ni ha de ser mai un element est\u00e0tic Analitzem les necessitats i objectius dels nostres clients i en base a aquests desenvolupem el disseny de la p\u00e0gina web. Incloent les landing pages i microsites que siguin necessaris i &#8230; <a title=\"Disseny web\" class=\"read-more\" href=\"https:\/\/baraka-technology.es\/ca\/disseny-web\/\" aria-label=\"More on Disseny web\">Leer m\u00e1s<\/a><\/p>\n","protected":false},"author":1,"featured_media":0,"parent":0,"menu_order":0,"comment_status":"closed","ping_status":"closed","template":"elementor_header_footer","meta":{"footnotes":""},"class_list":["post-1901","page","type-page","status-publish"],"yoast_head":"<!-- This site is optimized with the Yoast SEO plugin v26.6 - https:\/\/yoast.com\/wordpress\/plugins\/seo\/ -->\n<title>Disseny web - Baraka technology<\/title>\n<meta name=\"robots\" content=\"index, follow, max-snippet:-1, max-image-preview:large, max-video-preview:-1\" \/>\n<link rel=\"canonical\" href=\"https:\/\/baraka-technology.es\/ca\/disseny-web\/\" \/>\n<meta property=\"og:locale\" content=\"ca_ES\" \/>\n<meta property=\"og:type\" content=\"article\" \/>\n<meta property=\"og:title\" content=\"Disseny web - Baraka technology\" \/>\n<meta property=\"og:description\" content=\"Disseny de llocs web Disseny i Posicionament web Baraka Technology Disseny web Una p\u00e0gina web no pot ni ha de ser mai un element est\u00e0tic Analitzem les necessitats i objectius dels nostres clients i en base a aquests desenvolupem el disseny de la p\u00e0gina web. Incloent les landing pages i microsites que siguin necessaris i ... Leer m\u00e1s\" \/>\n<meta property=\"og:url\" content=\"https:\/\/baraka-technology.es\/ca\/disseny-web\/\" \/>\n<meta property=\"og:site_name\" content=\"Baraka technology\" \/>\n<meta property=\"article:publisher\" content=\"https:\/\/www.facebook.com\/barakatechnology\" \/>\n<meta property=\"article:modified_time\" content=\"2022-05-12T15:18:33+00:00\" \/>\n<meta property=\"og:image\" content=\"https:\/\/baraka-technology.es\/wp-content\/uploads\/2022\/01\/singularidad-online-posicionamiento-web-1024x678.jpg\" \/>\n<meta name=\"twitter:card\" content=\"summary_large_image\" \/>\n<meta name=\"twitter:label1\" content=\"Temps estimat de lectura\" \/>\n\t<meta name=\"twitter:data1\" content=\"1 minut\" \/>\n<script type=\"application\/ld+json\" class=\"yoast-schema-graph\">{\"@context\":\"https:\/\/schema.org\",\"@graph\":[{\"@type\":\"WebPage\",\"@id\":\"https:\/\/baraka-technology.es\/ca\/disseny-web\/\",\"url\":\"https:\/\/baraka-technology.es\/ca\/disseny-web\/\",\"name\":\"Disseny web - Baraka technology\",\"isPartOf\":{\"@id\":\"https:\/\/baraka-technology.es\/#website\"},\"primaryImageOfPage\":{\"@id\":\"https:\/\/baraka-technology.es\/ca\/disseny-web\/#primaryimage\"},\"image\":{\"@id\":\"https:\/\/baraka-technology.es\/ca\/disseny-web\/#primaryimage\"},\"thumbnailUrl\":\"https:\/\/baraka-technology.es\/wp-content\/uploads\/2022\/01\/singularidad-online-posicionamiento-web-1024x678.jpg\",\"datePublished\":\"2022-01-24T15:54:13+00:00\",\"dateModified\":\"2022-05-12T15:18:33+00:00\",\"breadcrumb\":{\"@id\":\"https:\/\/baraka-technology.es\/ca\/disseny-web\/#breadcrumb\"},\"inLanguage\":\"ca\",\"potentialAction\":[{\"@type\":\"ReadAction\",\"target\":[\"https:\/\/baraka-technology.es\/ca\/disseny-web\/\"]}]},{\"@type\":\"ImageObject\",\"inLanguage\":\"ca\",\"@id\":\"https:\/\/baraka-technology.es\/ca\/disseny-web\/#primaryimage\",\"url\":\"https:\/\/baraka-technology.es\/wp-content\/uploads\/2022\/01\/singularidad-online-posicionamiento-web-1024x678.jpg\",\"contentUrl\":\"https:\/\/baraka-technology.es\/wp-content\/uploads\/2022\/01\/singularidad-online-posicionamiento-web-1024x678.jpg\"},{\"@type\":\"BreadcrumbList\",\"@id\":\"https:\/\/baraka-technology.es\/ca\/disseny-web\/#breadcrumb\",\"itemListElement\":[{\"@type\":\"ListItem\",\"position\":1,\"name\":\"Portada\",\"item\":\"https:\/\/baraka-technology.es\/ca\/\"},{\"@type\":\"ListItem\",\"position\":2,\"name\":\"Disseny web\"}]},{\"@type\":\"WebSite\",\"@id\":\"https:\/\/baraka-technology.es\/#website\",\"url\":\"https:\/\/baraka-technology.es\/\",\"name\":\"Baraka technology\",\"description\":\"Agente Digitalizador | Kit Digital | SEO, SEM, RRSS &amp; Webs\",\"publisher\":{\"@id\":\"https:\/\/baraka-technology.es\/#organization\"},\"alternateName\":\"Marketing online\",\"potentialAction\":[{\"@type\":\"SearchAction\",\"target\":{\"@type\":\"EntryPoint\",\"urlTemplate\":\"https:\/\/baraka-technology.es\/?s={search_term_string}\"},\"query-input\":{\"@type\":\"PropertyValueSpecification\",\"valueRequired\":true,\"valueName\":\"search_term_string\"}}],\"inLanguage\":\"ca\"},{\"@type\":\"Organization\",\"@id\":\"https:\/\/baraka-technology.es\/#organization\",\"name\":\"Baraka technology SL\",\"url\":\"https:\/\/baraka-technology.es\/\",\"logo\":{\"@type\":\"ImageObject\",\"inLanguage\":\"ca\",\"@id\":\"https:\/\/baraka-technology.es\/#\/schema\/logo\/image\/\",\"url\":\"https:\/\/baraka-technology.es\/wp-content\/uploads\/2022\/01\/logo-baraka-technology-transparente.png\",\"contentUrl\":\"https:\/\/baraka-technology.es\/wp-content\/uploads\/2022\/01\/logo-baraka-technology-transparente.png\",\"width\":1280,\"height\":1012,\"caption\":\"Baraka technology SL\"},\"image\":{\"@id\":\"https:\/\/baraka-technology.es\/#\/schema\/logo\/image\/\"},\"sameAs\":[\"https:\/\/www.facebook.com\/barakatechnology\",\"https:\/\/www.linkedin.com\/company\/baraka-technology\/\"]}]}<\/script>\n<!-- \/ Yoast SEO plugin. -->","yoast_head_json":{"title":"Disseny web - Baraka technology","robots":{"index":"index","follow":"follow","max-snippet":"max-snippet:-1","max-image-preview":"max-image-preview:large","max-video-preview":"max-video-preview:-1"},"canonical":"https:\/\/baraka-technology.es\/ca\/disseny-web\/","og_locale":"ca_ES","og_type":"article","og_title":"Disseny web - Baraka technology","og_description":"Disseny de llocs web Disseny i Posicionament web Baraka Technology Disseny web Una p\u00e0gina web no pot ni ha de ser mai un element est\u00e0tic Analitzem les necessitats i objectius dels nostres clients i en base a aquests desenvolupem el disseny de la p\u00e0gina web. Incloent les landing pages i microsites que siguin necessaris i ... Leer m\u00e1s","og_url":"https:\/\/baraka-technology.es\/ca\/disseny-web\/","og_site_name":"Baraka technology","article_publisher":"https:\/\/www.facebook.com\/barakatechnology","article_modified_time":"2022-05-12T15:18:33+00:00","og_image":[{"url":"https:\/\/baraka-technology.es\/wp-content\/uploads\/2022\/01\/singularidad-online-posicionamiento-web-1024x678.jpg","type":"","width":"","height":""}],"twitter_card":"summary_large_image","twitter_misc":{"Temps estimat de lectura":"1 minut"},"schema":{"@context":"https:\/\/schema.org","@graph":[{"@type":"WebPage","@id":"https:\/\/baraka-technology.es\/ca\/disseny-web\/","url":"https:\/\/baraka-technology.es\/ca\/disseny-web\/","name":"Disseny web - Baraka technology","isPartOf":{"@id":"https:\/\/baraka-technology.es\/#website"},"primaryImageOfPage":{"@id":"https:\/\/baraka-technology.es\/ca\/disseny-web\/#primaryimage"},"image":{"@id":"https:\/\/baraka-technology.es\/ca\/disseny-web\/#primaryimage"},"thumbnailUrl":"https:\/\/baraka-technology.es\/wp-content\/uploads\/2022\/01\/singularidad-online-posicionamiento-web-1024x678.jpg","datePublished":"2022-01-24T15:54:13+00:00","dateModified":"2022-05-12T15:18:33+00:00","breadcrumb":{"@id":"https:\/\/baraka-technology.es\/ca\/disseny-web\/#breadcrumb"},"inLanguage":"ca","potentialAction":[{"@type":"ReadAction","target":["https:\/\/baraka-technology.es\/ca\/disseny-web\/"]}]},{"@type":"ImageObject","inLanguage":"ca","@id":"https:\/\/baraka-technology.es\/ca\/disseny-web\/#primaryimage","url":"https:\/\/baraka-technology.es\/wp-content\/uploads\/2022\/01\/singularidad-online-posicionamiento-web-1024x678.jpg","contentUrl":"https:\/\/baraka-technology.es\/wp-content\/uploads\/2022\/01\/singularidad-online-posicionamiento-web-1024x678.jpg"},{"@type":"BreadcrumbList","@id":"https:\/\/baraka-technology.es\/ca\/disseny-web\/#breadcrumb","itemListElement":[{"@type":"ListItem","position":1,"name":"Portada","item":"https:\/\/baraka-technology.es\/ca\/"},{"@type":"ListItem","position":2,"name":"Disseny web"}]},{"@type":"WebSite","@id":"https:\/\/baraka-technology.es\/#website","url":"https:\/\/baraka-technology.es\/","name":"Baraka technology","description":"Agente Digitalizador | Kit Digital | SEO, SEM, RRSS &amp; Webs","publisher":{"@id":"https:\/\/baraka-technology.es\/#organization"},"alternateName":"Marketing online","potentialAction":[{"@type":"SearchAction","target":{"@type":"EntryPoint","urlTemplate":"https:\/\/baraka-technology.es\/?s={search_term_string}"},"query-input":{"@type":"PropertyValueSpecification","valueRequired":true,"valueName":"search_term_string"}}],"inLanguage":"ca"},{"@type":"Organization","@id":"https:\/\/baraka-technology.es\/#organization","name":"Baraka technology SL","url":"https:\/\/baraka-technology.es\/","logo":{"@type":"ImageObject","inLanguage":"ca","@id":"https:\/\/baraka-technology.es\/#\/schema\/logo\/image\/","url":"https:\/\/baraka-technology.es\/wp-content\/uploads\/2022\/01\/logo-baraka-technology-transparente.png","contentUrl":"https:\/\/baraka-technology.es\/wp-content\/uploads\/2022\/01\/logo-baraka-technology-transparente.png","width":1280,"height":1012,"caption":"Baraka technology SL"},"image":{"@id":"https:\/\/baraka-technology.es\/#\/schema\/logo\/image\/"},"sameAs":["https:\/\/www.facebook.com\/barakatechnology","https:\/\/www.linkedin.com\/company\/baraka-technology\/"]}]}},"_links":{"self":[{"href":"https:\/\/baraka-technology.es\/ca\/wp-json\/wp\/v2\/pages\/1901","targetHints":{"allow":["GET"]}}],"collection":[{"href":"https:\/\/baraka-technology.es\/ca\/wp-json\/wp\/v2\/pages"}],"about":[{"href":"https:\/\/baraka-technology.es\/ca\/wp-json\/wp\/v2\/types\/page"}],"author":[{"embeddable":true,"href":"https:\/\/baraka-technology.es\/ca\/wp-json\/wp\/v2\/users\/1"}],"replies":[{"embeddable":true,"href":"https:\/\/baraka-technology.es\/ca\/wp-json\/wp\/v2\/comments?post=1901"}],"version-history":[{"count":2,"href":"https:\/\/baraka-technology.es\/ca\/wp-json\/wp\/v2\/pages\/1901\/revisions"}],"predecessor-version":[{"id":1930,"href":"https:\/\/baraka-technology.es\/ca\/wp-json\/wp\/v2\/pages\/1901\/revisions\/1930"}],"wp:attachment":[{"href":"https:\/\/baraka-technology.es\/ca\/wp-json\/wp\/v2\/media?parent=1901"}],"curies":[{"name":"wp","href":"https:\/\/api.w.org\/{rel}","templated":true}]}}